{"id":5159,"date":"2024-03-10T04:57:43","date_gmt":"2024-03-10T04:57:43","guid":{"rendered":"https:\/\/iptvkanali.com\/kontakta-oss\/"},"modified":"2025-08-31T19:24:41","modified_gmt":"2025-08-31T19:24:41","slug":"kontakta-oss","status":"publish","type":"page","link":"https:\/\/iptvkanali.com\/sv\/kontakta-oss\/","title":{"rendered":"Kontakta oss"},"content":{"rendered":"\t\t<div data-elementor-type=\"wp-page\" data-elementor-id=\"5159\" class=\"elementor elementor-5159 elementor-159\" data-elementor-post-type=\"page\">\n\t\t\t\t<div class=\"elementor-element elementor-element-a0d2809 e-flex e-con-boxed e-con e-parent\" data-id=\"a0d2809\" data-element_type=\"container\" data-settings=\"{&quot;background_background&quot;:&quot;classic&quot;}\">\n\t\t\t\t\t<div class=\"e-con-inner\">\n\t\t\t\t<div class=\"elementor-element elementor-element-280de92 elementor-widget elementor-widget-heading\" data-id=\"280de92\" data-element_type=\"widget\" data-widget_type=\"heading.default\">\n\t\t\t\t<div class=\"elementor-widget-container\">\n\t\t\t\t\t<h2 class=\"elementor-heading-title elementor-size-default\">Vi \u00e4lskar alltid att komma i kontakt<\/h2>\t\t\t\t<\/div>\n\t\t\t\t<\/div>\n\t\t<div class=\"elementor-element elementor-element-4376759 e-con-full e-flex e-con e-child\" data-id=\"4376759\" data-element_type=\"container\">\n\t\t<div class=\"elementor-element elementor-element-8a650bc e-con-full e-flex e-con e-child\" data-id=\"8a650bc\" data-element_type=\"container\" data-settings=\"{&quot;background_background&quot;:&quot;classic&quot;}\">\n\t\t\t\t<div class=\"elementor-element elementor-element-8843be8 elementor-view-default elementor-widget elementor-widget-icon\" data-id=\"8843be8\" data-element_type=\"widget\" data-widget_type=\"icon.default\">\n\t\t\t\t<div class=\"elementor-widget-container\">\n\t\t\t\t\t\t\t<div class=\"elementor-icon-wrapper\">\n\t\t\t<div class=\"elementor-icon\">\n\t\t\t<svg aria-hidden=\"true\" class=\"e-font-icon-svg e-fas-phone-volume\" viewBox=\"0 0 384 512\" xmlns=\"http:\/\/www.w3.org\/2000\/svg\"><path d=\"M97.333 506.966c-129.874-129.874-129.681-340.252 0-469.933 5.698-5.698 14.527-6.632 21.263-2.422l64.817 40.513a17.187 17.187 0 0 1 6.849 20.958l-32.408 81.021a17.188 17.188 0 0 1-17.669 10.719l-55.81-5.58c-21.051 58.261-20.612 122.471 0 179.515l55.811-5.581a17.188 17.188 0 0 1 17.669 10.719l32.408 81.022a17.188 17.188 0 0 1-6.849 20.958l-64.817 40.513a17.19 17.19 0 0 1-21.264-2.422zM247.126 95.473c11.832 20.047 11.832 45.008 0 65.055-3.95 6.693-13.108 7.959-18.718 2.581l-5.975-5.726c-3.911-3.748-4.793-9.622-2.261-14.41a32.063 32.063 0 0 0 0-29.945c-2.533-4.788-1.65-10.662 2.261-14.41l5.975-5.726c5.61-5.378 14.768-4.112 18.718 2.581zm91.787-91.187c60.14 71.604 60.092 175.882 0 247.428-4.474 5.327-12.53 5.746-17.552.933l-5.798-5.557c-4.56-4.371-4.977-11.529-.93-16.379 49.687-59.538 49.646-145.933 0-205.422-4.047-4.85-3.631-12.008.93-16.379l5.798-5.557c5.022-4.813 13.078-4.394 17.552.933zm-45.972 44.941c36.05 46.322 36.108 111.149 0 157.546-4.39 5.641-12.697 6.251-17.856 1.304l-5.818-5.579c-4.4-4.219-4.998-11.095-1.285-15.931 26.536-34.564 26.534-82.572 0-117.134-3.713-4.836-3.115-11.711 1.285-15.931l5.818-5.579c5.159-4.947 13.466-4.337 17.856 1.304z\"><\/path><\/svg>\t\t\t<\/div>\n\t\t<\/div>\n\t\t\t\t\t\t<\/div>\n\t\t\t\t<\/div>\n\t\t\t\t<div class=\"elementor-element elementor-element-bde7997 elementor-widget elementor-widget-heading\" data-id=\"bde7997\" data-element_type=\"widget\" data-widget_type=\"heading.default\">\n\t\t\t\t<div class=\"elementor-widget-container\">\n\t\t\t\t\t<h2 class=\"elementor-heading-title elementor-size-default\">Phone\n<\/h2>\t\t\t\t<\/div>\n\t\t\t\t<\/div>\n\t\t\t\t<div class=\"elementor-element elementor-element-93b7874 elementor-icon-list--layout-traditional elementor-list-item-link-full_width elementor-widget elementor-widget-icon-list\" data-id=\"93b7874\" data-element_type=\"widget\" data-widget_type=\"icon-list.default\">\n\t\t\t\t<div class=\"elementor-widget-container\">\n\t\t\t\t\t\t\t<ul class=\"elementor-icon-list-items\">\n\t\t\t\t\t\t\t<li class=\"elementor-icon-list-item\">\n\t\t\t\t\t\t\t\t\t\t<span class=\"elementor-icon-list-text\">+46700135816<\/span>\n\t\t\t\t\t\t\t\t\t<\/li>\n\t\t\t\t\t\t<\/ul>\n\t\t\t\t\t\t<\/div>\n\t\t\t\t<\/div>\n\t\t\t\t<\/div>\n\t\t<div class=\"elementor-element elementor-element-8da5a14 e-con-full e-flex e-con e-child\" data-id=\"8da5a14\" data-element_type=\"container\" data-settings=\"{&quot;background_background&quot;:&quot;classic&quot;}\">\n\t\t\t\t<div class=\"elementor-element elementor-element-b6edc75 elementor-view-default elementor-widget elementor-widget-icon\" data-id=\"b6edc75\" data-element_type=\"widget\" data-widget_type=\"icon.default\">\n\t\t\t\t<div class=\"elementor-widget-container\">\n\t\t\t\t\t\t\t<div class=\"elementor-icon-wrapper\">\n\t\t\t<div class=\"elementor-icon\">\n\t\t\t<svg aria-hidden=\"true\" class=\"e-font-icon-svg e-far-envelope\" viewBox=\"0 0 512 512\" xmlns=\"http:\/\/www.w3.org\/2000\/svg\"><path d=\"M464 64H48C21.49 64 0 85.49 0 112v288c0 26.51 21.49 48 48 48h416c26.51 0 48-21.49 48-48V112c0-26.51-21.49-48-48-48zm0 48v40.805c-22.422 18.259-58.168 46.651-134.587 106.49-16.841 13.247-50.201 45.072-73.413 44.701-23.208.375-56.579-31.459-73.413-44.701C106.18 199.465 70.425 171.067 48 152.805V112h416zM48 400V214.398c22.914 18.251 55.409 43.862 104.938 82.646 21.857 17.205 60.134 55.186 103.062 54.955 42.717.231 80.509-37.199 103.053-54.947 49.528-38.783 82.032-64.401 104.947-82.653V400H48z\"><\/path><\/svg>\t\t\t<\/div>\n\t\t<\/div>\n\t\t\t\t\t\t<\/div>\n\t\t\t\t<\/div>\n\t\t\t\t<div class=\"elementor-element elementor-element-77ac629 elementor-widget elementor-widget-heading\" data-id=\"77ac629\" data-element_type=\"widget\" data-widget_type=\"heading.default\">\n\t\t\t\t<div class=\"elementor-widget-container\">\n\t\t\t\t\t<h2 class=\"elementor-heading-title elementor-size-default\">Mail<\/h2>\t\t\t\t<\/div>\n\t\t\t\t<\/div>\n\t\t\t\t<div class=\"elementor-element elementor-element-4e81e31 elementor-icon-list--layout-traditional elementor-list-item-link-full_width elementor-widget elementor-widget-icon-list\" data-id=\"4e81e31\" data-element_type=\"widget\" data-widget_type=\"icon-list.default\">\n\t\t\t\t<div class=\"elementor-widget-container\">\n\t\t\t\t\t\t\t<ul class=\"elementor-icon-list-items\">\n\t\t\t\t\t\t\t<li class=\"elementor-icon-list-item\">\n\t\t\t\t\t\t\t\t\t\t<span class=\"elementor-icon-list-text\">iptvkanali24@gmail.com<\/span>\n\t\t\t\t\t\t\t\t\t<\/li>\n\t\t\t\t\t\t<\/ul>\n\t\t\t\t\t\t<\/div>\n\t\t\t\t<\/div>\n\t\t\t\t<\/div>\n\t\t\t\t<\/div>\n\t\t<div class=\"elementor-element elementor-element-5be41ec e-con-full e-flex e-con e-child\" data-id=\"5be41ec\" data-element_type=\"container\">\n\t\t<div class=\"elementor-element elementor-element-520f8e8 e-con-full e-flex e-con e-child\" data-id=\"520f8e8\" data-element_type=\"container\">\n\t\t\t\t<div class=\"elementor-element elementor-element-eef1f5c elementor-widget elementor-widget-heading\" data-id=\"eef1f5c\" data-element_type=\"widget\" data-widget_type=\"heading.default\">\n\t\t\t\t<div class=\"elementor-widget-container\">\n\t\t\t\t\t<h2 class=\"elementor-heading-title elementor-size-default\">SKICKA ETT MEDDELANDE TILL OSS<\/h2>\t\t\t\t<\/div>\n\t\t\t\t<\/div>\n\t\t\t\t<div class=\"elementor-element elementor-element-a19c023 elementor-widget elementor-widget-heading\" data-id=\"a19c023\" data-element_type=\"widget\" data-widget_type=\"heading.default\">\n\t\t\t\t<div class=\"elementor-widget-container\">\n\t\t\t\t\t<h2 class=\"elementor-heading-title elementor-size-default\">Vi h\u00f6r av oss inom kort<\/h2>\t\t\t\t<\/div>\n\t\t\t\t<\/div>\n\t\t\t\t<div class=\"elementor-element elementor-element-3b514ce elementor-widget elementor-widget-text-editor\" data-id=\"3b514ce\" data-element_type=\"widget\" data-widget_type=\"text-editor.default\">\n\t\t\t\t<div class=\"elementor-widget-container\">\n\t\t\t\t\t\t\t\t\tVi ser fram emot att h\u00f6ra fr\u00e5n dig! Har du fr\u00e5gor, kommentarer eller vill du dela med dig av dina \u00e5sikter om v\u00e5ra tj\u00e4nster? Tveka inte att kontakta oss via formul\u00e4ret eller tryck helt enkelt p\u00e5 den gula ikonen i h\u00f6rnet f\u00f6r att n\u00e5 oss via WhatsApp, Viber, Telegram eller e-post.  \t\t\t\t\t\t\t\t<\/div>\n\t\t\t\t<\/div>\n\t\t\t\t<\/div>\n\t\t<div class=\"elementor-element elementor-element-0a67ff2 e-con-full e-flex e-con e-child\" data-id=\"0a67ff2\" data-element_type=\"container\">\n\t\t\t\t<div class=\"elementor-element elementor-element-361519e elementor-widget elementor-widget-shortcode\" data-id=\"361519e\" data-element_type=\"widget\" data-widget_type=\"shortcode.default\">\n\t\t\t\t<div class=\"elementor-widget-container\">\n\t\t\t\t\t\t\t<div class=\"elementor-shortcode\">\n<div class=\"wpcf7 no-js\" id=\"wpcf7-f5395-o1\" lang=\"sv-SE\" dir=\"ltr\" data-wpcf7-id=\"5395\">\n<div class=\"screen-reader-response\"><p role=\"status\" aria-live=\"polite\" aria-atomic=\"true\"><\/p> <ul><\/ul><\/div>\n<form action=\"\/sv\/wp-json\/wp\/v2\/pages\/5159#wpcf7-f5395-o1\" method=\"post\" class=\"wpcf7-form init\" aria-label=\"Kontaktformul\u00e4r\" novalidate=\"novalidate\" data-status=\"init\">\n<fieldset class=\"hidden-fields-container\"><input type=\"hidden\" name=\"_wpcf7\" value=\"5395\" \/><input type=\"hidden\" name=\"_wpcf7_version\" value=\"6.1.1\" \/><input type=\"hidden\" name=\"_wpcf7_locale\" value=\"sv_SE\" \/><input type=\"hidden\" name=\"_wpcf7_unit_tag\" value=\"wpcf7-f5395-o1\" \/><input type=\"hidden\" name=\"_wpcf7_container_post\" value=\"0\" \/><input type=\"hidden\" name=\"_wpcf7_posted_data_hash\" value=\"\" \/>\n<\/fieldset>\n<div class=\"row\">\n    <div class=\"col-lg-6\">\n        <div class=\"form-floating mb-4\"><span class=\"wpcf7-form-control-wrap\" data-name=\"Name\"><input size=\"40\" maxlength=\"400\" class=\"wpcf7-form-control wpcf7-text wpcf7-validates-as-required form-control\" id=\"floatingInput1\" aria-required=\"true\" aria-invalid=\"false\" placeholder=\"Namn\" value=\"\" type=\"text\" name=\"Name\" \/><\/span><label class=\"form-label\" for=\"floatingInput1\">Name<\/label><\/div>\n    <\/div>\n    <div class=\"col-lg-6\">\n        <div class=\"form-floating mb-4\"><span class=\"wpcf7-form-control-wrap\" data-name=\"email_na\"><input size=\"40\" maxlength=\"400\" class=\"wpcf7-form-control wpcf7-email wpcf7-validates-as-required wpcf7-text wpcf7-validates-as-email form-control\" id=\"floatingInput2\" aria-required=\"true\" aria-invalid=\"false\" placeholder=\"E-postadress\" value=\"\" type=\"email\" name=\"email_na\" \/><\/span><label class=\"form-label\" for=\"floatingInput2\">Email<\/label>\n        <\/div>\n    <\/div>\n    <div class=\"col-lg-6\">\n        <div class=\"form-floating mb-4\"> <span class=\"wpcf7-form-control-wrap\" data-name=\"tel-287\"><input size=\"40\" maxlength=\"400\" class=\"wpcf7-form-control wpcf7-tel wpcf7-validates-as-required wpcf7-text wpcf7-validates-as-tel form-control\" aria-required=\"true\" aria-invalid=\"false\" placeholder=\"Telefonnummer\" value=\"\" type=\"tel\" name=\"tel-287\" \/><\/span> <label class=\"form-label\" for=\"floatingInput3\">Phone number<\/label>\n        <\/div>\n    <\/div>\n    <div class=\"col-lg-6\">\n        <div class=\"form-floating mb-4\"><span class=\"wpcf7-form-control-wrap\" data-name=\"CompanyNam\"><input size=\"40\" maxlength=\"400\" class=\"wpcf7-form-control wpcf7-text form-control\" id=\"floatingInput4\" aria-invalid=\"false\" placeholder=\"F\u00f6retag\" value=\"\" type=\"text\" name=\"CompanyNam\" \/><\/span><label class=\"form-label\" for=\"floatingInput4\">Valfritt<\/label>\n        <\/div>\n    <\/div>\n    <div class=\"col-lg-12\">\n        <div class=\"form-floating mb-4\"> <span class=\"wpcf7-form-control-wrap\" data-name=\"msg_subject\"><textarea cols=\"40\" rows=\"10\" maxlength=\"2000\" class=\"wpcf7-form-control wpcf7-textarea form-control\" id=\"floatingInput5\" aria-invalid=\"false\" placeholder=\"Meddelande\" name=\"msg_subject\"><\/textarea><\/span><label class=\"form-label\" for=\"floatingInput5\">Meddelande<\/label>\n        <\/div>\n    <\/div>\n    <div class=\"col-lg-12\">\n        <div class=\"form-check mb-4\"><input class=\"form-check-input\" type=\"checkbox\" value=\"\" id=\"flexCheckDefault\"><label class=\"form-check-label\" for=\"flexCheckDefault\">Spara mitt namn, min e-postadress och webbplats i den h\u00e4r webbl\u00e4saren till n\u00e4sta g\u00e5ng jag kommenterar.<\/label>\n        <\/div>\n    <\/div>\n    <div class=\"col-lg-12\">\n        <button type=\"submit\" class=\"btn\"><span class=\"border-style\">Skicka meddelande nu<\/span><\/button>\n    <\/div>\n<\/div><div class=\"wpcf7-response-output\" aria-hidden=\"true\"><\/div>\n<\/form>\n<\/div>\n <\/div>\n\t\t\t\t\t\t<\/div>\n\t\t\t\t<\/div>\n\t\t\t\t<\/div>\n\t\t\t\t<\/div>\n\t\t\t\t\t<\/div>\n\t\t\t\t<\/div>\n\t\t\t\t<\/div>\n\t\t","protected":false},"excerpt":{"rendered":"<p>Vi \u00e4lskar alltid att komma i kontakt Phone +46700135816 Mail iptvkanali24@gmail.com SKICKA ETT MEDDELANDE TILL OSS Vi h\u00f6r av oss inom kort Vi ser fram emot att h\u00f6ra fr\u00e5n dig! Har du fr\u00e5gor, kommentarer eller vill du dela med dig av dina \u00e5sikter om v\u00e5ra tj\u00e4nster? Tveka inte att kontakta oss via formul\u00e4ret eller tryck <\/p>\n","protected":false},"author":2,"featured_media":0,"parent":0,"menu_order":0,"comment_status":"closed","ping_status":"closed","template":"","meta":{"_acf_changed":false,"footnotes":""},"class_list":["post-5159","page","type-page","status-publish","hentry"],"acf":[],"yoast_head":"<!-- This site is optimized with the Yoast SEO plugin v25.8 - https:\/\/yoast.com\/wordpress\/plugins\/seo\/ -->\n<title>Kontakta oss - iptvkanali<\/title>\n<meta name=\"robots\" content=\"index, follow, max-snippet:-1, max-image-preview:large, max-video-preview:-1\" \/>\n<link rel=\"canonical\" href=\"https:\/\/iptvkanali.com\/contact-us\/\" \/>\n<meta property=\"og:locale\" content=\"sv_SE\" \/>\n<meta property=\"og:type\" content=\"article\" \/>\n<meta property=\"og:title\" content=\"Kontakta oss - iptvkanali\" \/>\n<meta property=\"og:description\" content=\"Vi \u00e4lskar alltid att komma i kontakt Phone +46700135816 Mail iptvkanali24@gmail.com SKICKA ETT MEDDELANDE TILL OSS Vi h\u00f6r av oss inom kort Vi ser fram emot att h\u00f6ra fr\u00e5n dig! Har du fr\u00e5gor, kommentarer eller vill du dela med dig av dina \u00e5sikter om v\u00e5ra tj\u00e4nster? Tveka inte att kontakta oss via formul\u00e4ret eller tryck\" \/>\n<meta property=\"og:url\" content=\"https:\/\/iptvkanali.com\/contact-us\/\" \/>\n<meta property=\"og:site_name\" content=\"iptvkanali\" \/>\n<meta property=\"article:modified_time\" content=\"2025-08-31T19:24:41+00:00\" \/>\n<meta property=\"og:image\" content=\"https:\/\/iptvkanali.com\/wp-content\/uploads\/2025\/05\/Asset-3-PNG-FILE--scaled.png\" \/>\n\t<meta property=\"og:image:width\" content=\"2560\" \/>\n\t<meta property=\"og:image:height\" content=\"1013\" \/>\n\t<meta property=\"og:image:type\" content=\"image\/png\" \/>\n<meta name=\"twitter:card\" content=\"summary_large_image\" \/>\n<meta name=\"twitter:label1\" content=\"Ber\u00e4knad l\u00e4stid\" \/>\n\t<meta name=\"twitter:data1\" content=\"1 minut\" \/>\n<script type=\"application\/ld+json\" class=\"yoast-schema-graph\">{\"@context\":\"https:\/\/schema.org\",\"@graph\":[{\"@type\":\"WebPage\",\"@id\":\"https:\/\/iptvkanali.com\/contact-us\/\",\"url\":\"https:\/\/iptvkanali.com\/contact-us\/\",\"name\":\"Kontakta oss - iptvkanali\",\"isPartOf\":{\"@id\":\"https:\/\/iptvkanali.com\/#website\"},\"datePublished\":\"2024-03-10T04:57:43+00:00\",\"dateModified\":\"2025-08-31T19:24:41+00:00\",\"breadcrumb\":{\"@id\":\"https:\/\/iptvkanali.com\/contact-us\/#breadcrumb\"},\"inLanguage\":\"sv-SE\",\"potentialAction\":[{\"@type\":\"ReadAction\",\"target\":[\"https:\/\/iptvkanali.com\/contact-us\/\"]}]},{\"@type\":\"BreadcrumbList\",\"@id\":\"https:\/\/iptvkanali.com\/contact-us\/#breadcrumb\",\"itemListElement\":[{\"@type\":\"ListItem\",\"position\":1,\"name\":\"Home\",\"item\":\"https:\/\/iptvkanali.com\/\"},{\"@type\":\"ListItem\",\"position\":2,\"name\":\"Kontakta oss\"}]},{\"@type\":\"WebSite\",\"@id\":\"https:\/\/iptvkanali.com\/#website\",\"url\":\"https:\/\/iptvkanali.com\/\",\"name\":\"IPTVKanali\",\"description\":\"\",\"publisher\":{\"@id\":\"https:\/\/iptvkanali.com\/#organization\"},\"potentialAction\":[{\"@type\":\"SearchAction\",\"target\":{\"@type\":\"EntryPoint\",\"urlTemplate\":\"https:\/\/iptvkanali.com\/?s={search_term_string}\"},\"query-input\":{\"@type\":\"PropertyValueSpecification\",\"valueRequired\":true,\"valueName\":\"search_term_string\"}}],\"inLanguage\":\"sv-SE\"},{\"@type\":\"Organization\",\"@id\":\"https:\/\/iptvkanali.com\/#organization\",\"name\":\"IPTVKanali\",\"url\":\"https:\/\/iptvkanali.com\/\",\"logo\":{\"@type\":\"ImageObject\",\"inLanguage\":\"sv-SE\",\"@id\":\"https:\/\/iptvkanali.com\/#\/schema\/logo\/image\/\",\"url\":\"https:\/\/iptvkanali.com\/wp-content\/uploads\/2025\/05\/Asset-3-PNG-FILE--scaled.png\",\"contentUrl\":\"https:\/\/iptvkanali.com\/wp-content\/uploads\/2025\/05\/Asset-3-PNG-FILE--scaled.png\",\"width\":2560,\"height\":1013,\"caption\":\"IPTVKanali\"},\"image\":{\"@id\":\"https:\/\/iptvkanali.com\/#\/schema\/logo\/image\/\"}}]}<\/script>\n<!-- \/ Yoast SEO plugin. -->","yoast_head_json":{"title":"Kontakta oss - iptvkanali","robots":{"index":"index","follow":"follow","max-snippet":"max-snippet:-1","max-image-preview":"max-image-preview:large","max-video-preview":"max-video-preview:-1"},"canonical":"https:\/\/iptvkanali.com\/contact-us\/","og_locale":"sv_SE","og_type":"article","og_title":"Kontakta oss - iptvkanali","og_description":"Vi \u00e4lskar alltid att komma i kontakt Phone +46700135816 Mail iptvkanali24@gmail.com SKICKA ETT MEDDELANDE TILL OSS Vi h\u00f6r av oss inom kort Vi ser fram emot att h\u00f6ra fr\u00e5n dig! Har du fr\u00e5gor, kommentarer eller vill du dela med dig av dina \u00e5sikter om v\u00e5ra tj\u00e4nster? Tveka inte att kontakta oss via formul\u00e4ret eller tryck","og_url":"https:\/\/iptvkanali.com\/contact-us\/","og_site_name":"iptvkanali","article_modified_time":"2025-08-31T19:24:41+00:00","og_image":[{"width":2560,"height":1013,"url":"https:\/\/iptvkanali.com\/wp-content\/uploads\/2025\/05\/Asset-3-PNG-FILE--scaled.png","type":"image\/png"}],"twitter_card":"summary_large_image","twitter_misc":{"Ber\u00e4knad l\u00e4stid":"1 minut"},"schema":{"@context":"https:\/\/schema.org","@graph":[{"@type":"WebPage","@id":"https:\/\/iptvkanali.com\/contact-us\/","url":"https:\/\/iptvkanali.com\/contact-us\/","name":"Kontakta oss - iptvkanali","isPartOf":{"@id":"https:\/\/iptvkanali.com\/#website"},"datePublished":"2024-03-10T04:57:43+00:00","dateModified":"2025-08-31T19:24:41+00:00","breadcrumb":{"@id":"https:\/\/iptvkanali.com\/contact-us\/#breadcrumb"},"inLanguage":"sv-SE","potentialAction":[{"@type":"ReadAction","target":["https:\/\/iptvkanali.com\/contact-us\/"]}]},{"@type":"BreadcrumbList","@id":"https:\/\/iptvkanali.com\/contact-us\/#breadcrumb","itemListElement":[{"@type":"ListItem","position":1,"name":"Home","item":"https:\/\/iptvkanali.com\/"},{"@type":"ListItem","position":2,"name":"Kontakta oss"}]},{"@type":"WebSite","@id":"https:\/\/iptvkanali.com\/#website","url":"https:\/\/iptvkanali.com\/","name":"IPTVKanali","description":"","publisher":{"@id":"https:\/\/iptvkanali.com\/#organization"},"potentialAction":[{"@type":"SearchAction","target":{"@type":"EntryPoint","urlTemplate":"https:\/\/iptvkanali.com\/?s={search_term_string}"},"query-input":{"@type":"PropertyValueSpecification","valueRequired":true,"valueName":"search_term_string"}}],"inLanguage":"sv-SE"},{"@type":"Organization","@id":"https:\/\/iptvkanali.com\/#organization","name":"IPTVKanali","url":"https:\/\/iptvkanali.com\/","logo":{"@type":"ImageObject","inLanguage":"sv-SE","@id":"https:\/\/iptvkanali.com\/#\/schema\/logo\/image\/","url":"https:\/\/iptvkanali.com\/wp-content\/uploads\/2025\/05\/Asset-3-PNG-FILE--scaled.png","contentUrl":"https:\/\/iptvkanali.com\/wp-content\/uploads\/2025\/05\/Asset-3-PNG-FILE--scaled.png","width":2560,"height":1013,"caption":"IPTVKanali"},"image":{"@id":"https:\/\/iptvkanali.com\/#\/schema\/logo\/image\/"}}]}},"_links":{"self":[{"href":"https:\/\/iptvkanali.com\/sv\/wp-json\/wp\/v2\/pages\/5159","targetHints":{"allow":["GET"]}}],"collection":[{"href":"https:\/\/iptvkanali.com\/sv\/wp-json\/wp\/v2\/pages"}],"about":[{"href":"https:\/\/iptvkanali.com\/sv\/wp-json\/wp\/v2\/types\/page"}],"author":[{"embeddable":true,"href":"https:\/\/iptvkanali.com\/sv\/wp-json\/wp\/v2\/users\/2"}],"replies":[{"embeddable":true,"href":"https:\/\/iptvkanali.com\/sv\/wp-json\/wp\/v2\/comments?post=5159"}],"version-history":[{"count":7,"href":"https:\/\/iptvkanali.com\/sv\/wp-json\/wp\/v2\/pages\/5159\/revisions"}],"predecessor-version":[{"id":7160,"href":"https:\/\/iptvkanali.com\/sv\/wp-json\/wp\/v2\/pages\/5159\/revisions\/7160"}],"wp:attachment":[{"href":"https:\/\/iptvkanali.com\/sv\/wp-json\/wp\/v2\/media?parent=5159"}],"curies":[{"name":"wp","href":"https:\/\/api.w.org\/{rel}","templated":true}]}}